{"id":7355,"date":"2024-04-28T21:15:54","date_gmt":"2024-04-28T21:15:54","guid":{"rendered":"https:\/\/matriks.com\/?page_id=7355"},"modified":"2024-05-02T20:01:56","modified_gmt":"2024-05-02T20:01:56","slug":"matriks-doc-4","status":"publish","type":"page","link":"https:\/\/matriks.com\/en\/matriks-doc-4\/","title":{"rendered":"Matriks Doc 4"},"content":{"rendered":"<div data-elementor-type=\"wp-page\" data-elementor-id=\"7355\" class=\"elementor elementor-7355\">\n\t\t\t\t<div class=\"elementor-element elementor-element-3ccfefb e-flex e-con-boxed e-con e-parent\" data-id=\"3ccfefb\" data-element_type=\"container\" data-e-type=\"container\">\n\t\t\t\t\t<div class=\"e-con-inner\">\n\t\t<div class=\"elementor-element elementor-element-12b8150 e-con-full e-flex e-con e-child\" data-id=\"12b8150\" data-element_type=\"container\" data-e-type=\"container\">\n\t\t\t\t<div class=\"elementor-element elementor-element-c2cab1e elementor-widget elementor-widget-text-editor\" data-id=\"c2cab1e\" data-element_type=\"widget\" data-e-type=\"widget\" data-widget_type=\"text-editor.default\">\n\t\t\t\t<div class=\"elementor-widget-container\">\n\t\t\t\t\t\t\t\t\t<p><a href=\"\/en\/produkter\/\">Back to Products<\/a><\/p>\t\t\t\t\t\t\t\t<\/div>\n\t\t\t\t<\/div>\n\t\t\t\t<div class=\"elementor-element elementor-element-959fbce elementor-invisible elementor-widget elementor-widget-einar_core_section_title\" data-id=\"959fbce\" data-element_type=\"widget\" data-e-type=\"widget\" data-settings=\"{&quot;_animation&quot;:&quot;fadeIn&quot;}\" data-widget_type=\"einar_core_section_title.default\">\n\t\t\t\t<div class=\"elementor-widget-container\">\n\t\t\t\t\t<div class=\"qodef-shortcode qodef-m  qodef-section-title qodef-alignment--left\">\n\t\t<h1 class=\"qodef-m-title\" >\n\t\t\t\t\tMatriks Doc 4\t\t\t<\/h1>\n\t\t<\/div>\n\t\t\t\t<\/div>\n\t\t\t\t<\/div>\n\t\t\t\t<div class=\"elementor-element elementor-element-5cb67f0 elementor-invisible elementor-widget elementor-widget-text-editor\" data-id=\"5cb67f0\" data-element_type=\"widget\" data-e-type=\"widget\" data-settings=\"{&quot;_animation&quot;:&quot;fadeIn&quot;}\" data-widget_type=\"text-editor.default\">\n\t\t\t\t<div class=\"elementor-widget-container\">\n\t\t\t\t\t\t\t\t\t<p>Matriks Doc 4 is a popular and effective \"add on\" for Microsoft Business solutions. It handles correspondence generated from Dynamics NAV.\u00a0<\/p>\t\t\t\t\t\t\t\t<\/div>\n\t\t\t\t<\/div>\n\t\t\t\t<div class=\"elementor-element elementor-element-611b8b6 elementor-widget elementor-widget-text-editor\" data-id=\"611b8b6\" data-element_type=\"widget\" data-e-type=\"widget\" data-widget_type=\"text-editor.default\">\n\t\t\t\t<div class=\"elementor-widget-container\">\n\t\t\t\t\t\t\t\t\t<p><strong>Document management Matriks Doc 4<\/strong><\/p><ul><li>Create and save your documents where they belong.<\/li><li>Use Word\/Excel templates to ensure all relevant information is always included in your documents.<\/li><li>Find your scanned documents using Navigate.<\/li><li>Save and display all known file formats incl. Adobe, AutoCAD, HTML, Office and MP3.<\/li><li>Integrated scanning to PDF files.<\/li><li>Fully integrated with Record Links.<\/li><li>Full support for role specialized client.<\/li><li>Office Add-In Matriks Template Designer for intuitive template creation.<\/li><li>Use Word\/Excel tables for sales lines, customer revenue and other special templates.<\/li><li>External document storage that better enables Onedrive\/SharePoint integration.<\/li><\/ul><p><strong>Requirements<\/strong><\/p><p>The use of Matriks Doc 4 requires Microsoft Office 2007 or newer, as well as Dynamics Navision 2009 or newer (incl. BC)<\/p><p>If this seems like the right solution for your company, please contact the sales department on +45 44 14 24 40<\/p>\t\t\t\t\t\t\t\t<\/div>\n\t\t\t\t<\/div>\n\t\t\t\t<\/div>\n\t\t\t\t\t<\/div>\n\t\t\t\t<\/div>\n\t\t<div class=\"elementor-element elementor-element-d132208 e-con-full e-flex e-con e-parent\" data-id=\"d132208\" data-element_type=\"container\" data-e-type=\"container\">\n\t\t<div class=\"elementor-element elementor-element-807daa5 e-con-full e-flex e-con e-child\" data-id=\"807daa5\" data-element_type=\"container\" data-e-type=\"container\">\n\t\t<div class=\"elementor-element elementor-element-ec545d7 e-con-full e-flex e-con e-child\" data-id=\"ec545d7\" data-element_type=\"container\" data-e-type=\"container\">\n\t\t<div class=\"elementor-element elementor-element-65e7b81 e-con-full e-flex e-con e-child\" data-id=\"65e7b81\" data-element_type=\"container\" data-e-type=\"container\">\n\t\t\t\t<div class=\"elementor-element elementor-element-e2a93ad elementor-invisible elementor-widget elementor-widget-heading\" data-id=\"e2a93ad\" data-element_type=\"widget\" data-e-type=\"widget\" data-settings=\"{&quot;_animation&quot;:&quot;fadeInUp&quot;}\" data-widget_type=\"heading.default\">\n\t\t\t\t<div class=\"elementor-widget-container\">\n\t\t\t\t\t<p class=\"elementor-heading-title elementor-size-default\">Our customers<\/p>\t\t\t\t<\/div>\n\t\t\t\t<\/div>\n\t\t\t\t<div class=\"elementor-element elementor-element-fed452f elementor-widget__width-initial elementor-widget-mobile__width-inherit elementor-invisible elementor-widget elementor-widget-einar_core_section_title\" data-id=\"fed452f\" data-element_type=\"widget\" data-e-type=\"widget\" data-settings=\"{&quot;_animation&quot;:&quot;fadeInUp&quot;,&quot;_animation_delay&quot;:300}\" data-widget_type=\"einar_core_section_title.default\">\n\t\t\t\t<div class=\"elementor-widget-container\">\n\t\t\t\t\t<div class=\"qodef-shortcode qodef-m  qodef-section-title qodef-alignment--left\">\n\t\t<h4 class=\"qodef-m-title\" >\n\t\t\t\t\tWe work with some of Scandinavia's strongest companies. Should we also work with you?\t\t\t<\/h4>\n\t\t<\/div>\n\t\t\t\t<\/div>\n\t\t\t\t<\/div>\n\t\t\t\t<div class=\"elementor-element elementor-element-cabf6da elementor-invisible elementor-widget elementor-widget-button\" data-id=\"cabf6da\" data-element_type=\"widget\" data-e-type=\"widget\" data-settings=\"{&quot;_animation&quot;:&quot;fadeInUp&quot;,&quot;_animation_delay&quot;:600}\" data-widget_type=\"button.default\">\n\t\t\t\t<div class=\"elementor-widget-container\">\n\t\t\t\t\t\t\t\t\t<div class=\"elementor-button-wrapper\">\n\t\t\t\t\t<a class=\"elementor-button elementor-button-link elementor-size-sm\" href=\"\/en\/kontakt\/\">\n\t\t\t\t\t\t<span class=\"elementor-button-content-wrapper\">\n\t\t\t\t\t\t\t\t\t<span class=\"elementor-button-text\">Contact us today<\/span>\n\t\t\t\t\t<\/span>\n\t\t\t\t\t<\/a>\n\t\t\t\t<\/div>\n\t\t\t\t\t\t\t\t<\/div>\n\t\t\t\t<\/div>\n\t\t\t\t<\/div>\n\t\t<div class=\"elementor-element elementor-element-639786a e-con-full e-flex e-con e-child\" data-id=\"639786a\" data-element_type=\"container\" data-e-type=\"container\">\n\t\t\t\t<div class=\"elementor-element elementor-element-e3a1c49 elementor-invisible elementor-widget elementor-widget-einar_core_clients_list\" data-id=\"e3a1c49\" data-element_type=\"widget\" data-e-type=\"widget\" data-settings=\"{&quot;_animation&quot;:&quot;fadeIn&quot;,&quot;_animation_delay&quot;:600}\" data-widget_type=\"einar_core_clients_list.default\">\n\t\t\t\t<div class=\"elementor-widget-container\">\n\t\t\t\t\t<div class=\"qodef-shortcode qodef-m  qodef-clients-list qodef-clients-list-enable-retina-scale qodef-grid qodef-layout--columns  qodef-gutter--huge qodef-vertical-gutter--medium qodef-col-num--4 qodef-item-layout--image-only qodef-responsive--custom qodef-col-num--1512--4 qodef-col-num--1368--4 qodef-col-num--1200--3 qodef-col-num--1024--3 qodef-col-num--880--3 qodef-col-num--680--2 qodef-hover-animation--fade\" >\n\t<div class=\"qodef-grid-inner\">\n\t\t<span class=\"qodef-e qodef-grid-item\">\n\t<span class=\"qodef-e-inner\">\n\t\t\t<span class=\"qodef-e-image\">\n\t\t\t\t\t<a itemprop=\"url\" href=\"#\" target=\"_blank\">\n\t\t\t\t\t\t\t\t\t\t\t<span class=\"qodef-e-logo\">\n\t\t\t\t\t\t\t\t\t\t\t<img fetchpriority=\"high\" decoding=\"async\" itemprop=\"image\" src=\"https:\/\/matriks.com\/wp-content\/uploads\/2023\/08\/Carlsberg-logo.png\"\n\t\t\t\t\t\t\t width=\"1920\"\n\t\t\t\t\t\t\t height=\"1080\"\n\t\t\t\t\t\t\t alt=\"\"\/>\n\t\t\t\t\t\t\t\t\t<\/span>\n\t\t\t\t\t\t\t\t\t\t\t\t\t\t\t<\/a>\n\t\t\t<\/span>\n\t<\/span>\n<\/span>\n<span class=\"qodef-e qodef-grid-item\">\n\t<span class=\"qodef-e-inner\">\n\t\t\t<span class=\"qodef-e-image\">\n\t\t\t\t\t<a itemprop=\"url\" href=\"#\" target=\"_blank\">\n\t\t\t\t\t\t\t\t\t\t\t<span class=\"qodef-e-logo\">\n\t\t\t\t\t\t\t\t\t\t\t<img decoding=\"async\" itemprop=\"image\" src=\"https:\/\/matriks.com\/wp-content\/uploads\/2023\/08\/nykredit_leasing_logo.webp\"\n\t\t\t\t\t\t\t width=\"337\"\n\t\t\t\t\t\t\t height=\"74\"\n\t\t\t\t\t\t\t alt=\"\"\/>\n\t\t\t\t\t\t\t\t\t<\/span>\n\t\t\t\t\t\t\t\t\t\t\t\t\t\t\t<\/a>\n\t\t\t<\/span>\n\t<\/span>\n<\/span>\n<span class=\"qodef-e qodef-grid-item\">\n\t<span class=\"qodef-e-inner\">\n\t\t\t<span class=\"qodef-e-image\">\n\t\t\t\t\t<a itemprop=\"url\" href=\"#\" target=\"_blank\">\n\t\t\t\t\t\t\t\t\t\t\t<span class=\"qodef-e-logo\">\n\t\t\t\t\t\t\t\t\t\t\t<img decoding=\"async\" itemprop=\"image\" src=\"https:\/\/matriks.com\/wp-content\/uploads\/2023\/08\/logo.jpg\"\n\t\t\t\t\t\t\t width=\"125\"\n\t\t\t\t\t\t\t height=\"125\"\n\t\t\t\t\t\t\t alt=\"\"\/>\n\t\t\t\t\t\t\t\t\t<\/span>\n\t\t\t\t\t\t\t\t\t\t\t\t\t\t\t<\/a>\n\t\t\t<\/span>\n\t<\/span>\n<\/span>\n<span class=\"qodef-e qodef-grid-item\">\n\t<span class=\"qodef-e-inner\">\n\t\t\t<span class=\"qodef-e-image\">\n\t\t\t\t\t<a itemprop=\"url\" href=\"#\" target=\"_blank\">\n\t\t\t\t\t\t\t\t\t\t\t<span class=\"qodef-e-logo\">\n\t\t\t\t\t\t\t\t\t\t\t<img loading=\"lazy\" decoding=\"async\" itemprop=\"image\" src=\"https:\/\/matriks.com\/wp-content\/uploads\/2023\/08\/Sennheiser_logo_2019.svg.png\"\n\t\t\t\t\t\t\t width=\"512\"\n\t\t\t\t\t\t\t height=\"69\"\n\t\t\t\t\t\t\t alt=\"\"\/>\n\t\t\t\t\t\t\t\t\t<\/span>\n\t\t\t\t\t\t\t\t\t\t\t\t\t\t\t<\/a>\n\t\t\t<\/span>\n\t<\/span>\n<\/span>\n<span class=\"qodef-e qodef-grid-item\">\n\t<span class=\"qodef-e-inner\">\n\t\t\t<span class=\"qodef-e-image\">\n\t\t\t\t\t<a itemprop=\"url\" href=\"#\" target=\"_blank\">\n\t\t\t\t\t\t\t\t\t\t\t<span class=\"qodef-e-logo\">\n\t\t\t\t\t\t\t\t\t\t\t<img loading=\"lazy\" decoding=\"async\" itemprop=\"image\" src=\"https:\/\/matriks.com\/wp-content\/uploads\/2023\/08\/Mercedes-Benz_Logo_2010.svg.png\"\n\t\t\t\t\t\t\t width=\"1280\"\n\t\t\t\t\t\t\t height=\"324\"\n\t\t\t\t\t\t\t alt=\"\"\/>\n\t\t\t\t\t\t\t\t\t<\/span>\n\t\t\t\t\t\t\t\t\t\t\t\t\t\t\t<\/a>\n\t\t\t<\/span>\n\t<\/span>\n<\/span>\n<span class=\"qodef-e qodef-grid-item\">\n\t<span class=\"qodef-e-inner\">\n\t\t\t<span class=\"qodef-e-image\">\n\t\t\t\t\t<a itemprop=\"url\" href=\"#\" target=\"_blank\">\n\t\t\t\t\t\t\t\t\t\t\t<span class=\"qodef-e-logo\">\n\t\t\t\t\t\t\t\t\t\t\t<img loading=\"lazy\" decoding=\"async\" itemprop=\"image\" src=\"https:\/\/matriks.com\/wp-content\/uploads\/2023\/08\/sif-jakobs-logo-1.png\"\n\t\t\t\t\t\t\t width=\"296\"\n\t\t\t\t\t\t\t height=\"210\"\n\t\t\t\t\t\t\t alt=\"\"\/>\n\t\t\t\t\t\t\t\t\t<\/span>\n\t\t\t\t\t\t\t\t\t\t\t\t\t\t\t<\/a>\n\t\t\t<\/span>\n\t<\/span>\n<\/span>\n<span class=\"qodef-e qodef-grid-item\">\n\t<span class=\"qodef-e-inner\">\n\t\t\t<span class=\"qodef-e-image\">\n\t\t\t\t\t<a itemprop=\"url\" href=\"#\" target=\"_blank\">\n\t\t\t\t\t\t\t\t\t\t\t<span class=\"qodef-e-logo\">\n\t\t\t\t\t\t\t\t\t\t\t<img loading=\"lazy\" decoding=\"async\" itemprop=\"image\" src=\"https:\/\/matriks.com\/wp-content\/uploads\/2023\/08\/dpa_logo_tagline_blue.png\"\n\t\t\t\t\t\t\t width=\"1227\"\n\t\t\t\t\t\t\t height=\"262\"\n\t\t\t\t\t\t\t alt=\"\"\/>\n\t\t\t\t\t\t\t\t\t<\/span>\n\t\t\t\t\t\t\t\t\t\t\t\t\t\t\t<\/a>\n\t\t\t<\/span>\n\t<\/span>\n<\/span>\n<span class=\"qodef-e qodef-grid-item\">\n\t<span class=\"qodef-e-inner\">\n\t\t\t<span class=\"qodef-e-image\">\n\t\t\t\t\t<a itemprop=\"url\" href=\"#\" target=\"_blank\">\n\t\t\t\t\t\t\t\t\t\t\t<span class=\"qodef-e-logo\">\n\t\t\t\t\t\t\t\t\t\t\t<img loading=\"lazy\" decoding=\"async\" itemprop=\"image\" src=\"https:\/\/matriks.com\/wp-content\/uploads\/2023\/08\/vkr_holding_as_logo.jpeg\"\n\t\t\t\t\t\t\t width=\"100\"\n\t\t\t\t\t\t\t height=\"100\"\n\t\t\t\t\t\t\t alt=\"\"\/>\n\t\t\t\t\t\t\t\t\t<\/span>\n\t\t\t\t\t\t\t\t\t\t\t\t\t\t\t<\/a>\n\t\t\t<\/span>\n\t<\/span>\n<\/span>\n\t<\/div>\n<\/div>\n\t\t\t\t<\/div>\n\t\t\t\t<\/div>\n\t\t\t\t<\/div>\n\t\t\t\t<\/div>\n\t\t\t\t<\/div>\n\t\t\t\t<\/div>\n\t\t\t\t<\/div>","protected":false},"excerpt":{"rendered":"<p>\u00ab Tilbage til produkter Matriks Doc 4 Matriks Doc 4 er et popul\u00e6rt og effektivt &#8220;add on&#8221; til Microsoft Business-l\u00f8sninger. Det h\u00e5ndterer korrespondance genereret fra Dynamics NAV.\u00a0 Dokumentstyring Matriks Doc 4 Opret og gem dine dokumenter det sted, hvor de h\u00f8rer til. Brug Word\/Excel-skabeloner til at sikre, at alle relevante oplysninger altid er inkluderet i [&hellip;]<\/p>","protected":false},"author":1,"featured_media":0,"parent":0,"menu_order":0,"comment_status":"closed","ping_status":"closed","template":"page-full-width.php","meta":{"footnotes":""},"class_list":["post-7355","page","type-page","status-publish","hentry"],"yoast_head":"<!-- This site is optimized with the Yoast SEO plugin v27.6 - https:\/\/yoast.com\/product\/yoast-seo-wordpress\/ -->\n<title>Matriks Doc 4 - Matriks<\/title>\n<meta name=\"robots\" content=\"index, follow, max-snippet:-1, max-image-preview:large, max-video-preview:-1\" \/>\n<link rel=\"canonical\" href=\"https:\/\/matriks.com\/en\/matriks-doc-4\/\" \/>\n<meta property=\"og:locale\" content=\"en_GB\" \/>\n<meta property=\"og:type\" content=\"article\" \/>\n<meta property=\"og:title\" content=\"Matriks Doc 4 - Matriks\" \/>\n<meta property=\"og:description\" content=\"\u00ab Tilbage til produkter Matriks Doc 4 Matriks Doc 4 er et popul\u00e6rt og effektivt &#8220;add on&#8221; til Microsoft Business-l\u00f8sninger. Det h\u00e5ndterer korrespondance genereret fra Dynamics NAV.\u00a0 Dokumentstyring Matriks Doc 4 Opret og gem dine dokumenter det sted, hvor de h\u00f8rer til. Brug Word\/Excel-skabeloner til at sikre, at alle relevante oplysninger altid er inkluderet i [&hellip;]\" \/>\n<meta property=\"og:url\" content=\"https:\/\/matriks.com\/en\/matriks-doc-4\/\" \/>\n<meta property=\"og:site_name\" content=\"Matriks\" \/>\n<meta property=\"article:modified_time\" content=\"2024-05-02T20:01:56+00:00\" \/>\n<meta property=\"og:image\" content=\"https:\/\/matriks.com\/wp-content\/uploads\/2023\/08\/Carlsberg-logo.png\" \/>\n<meta name=\"twitter:card\" content=\"summary_large_image\" \/>\n<meta name=\"twitter:label1\" content=\"Estimated reading time\" \/>\n\t<meta name=\"twitter:data1\" content=\"3 minutes\" \/>\n<script type=\"application\/ld+json\" class=\"yoast-schema-graph\">{\"@context\":\"https:\\\/\\\/schema.org\",\"@graph\":[{\"@type\":\"WebPage\",\"@id\":\"https:\\\/\\\/matriks.com\\\/matriks-doc-4\\\/\",\"url\":\"https:\\\/\\\/matriks.com\\\/matriks-doc-4\\\/\",\"name\":\"Matriks Doc 4 - Matriks\",\"isPartOf\":{\"@id\":\"https:\\\/\\\/matriks.com\\\/#website\"},\"primaryImageOfPage\":{\"@id\":\"https:\\\/\\\/matriks.com\\\/matriks-doc-4\\\/#primaryimage\"},\"image\":{\"@id\":\"https:\\\/\\\/matriks.com\\\/matriks-doc-4\\\/#primaryimage\"},\"thumbnailUrl\":\"https:\\\/\\\/matriks.com\\\/wp-content\\\/uploads\\\/2023\\\/08\\\/Carlsberg-logo.png\",\"datePublished\":\"2024-04-28T21:15:54+00:00\",\"dateModified\":\"2024-05-02T20:01:56+00:00\",\"breadcrumb\":{\"@id\":\"https:\\\/\\\/matriks.com\\\/matriks-doc-4\\\/#breadcrumb\"},\"inLanguage\":\"en-GB\",\"potentialAction\":[{\"@type\":\"ReadAction\",\"target\":[\"https:\\\/\\\/matriks.com\\\/matriks-doc-4\\\/\"]}]},{\"@type\":\"ImageObject\",\"inLanguage\":\"en-GB\",\"@id\":\"https:\\\/\\\/matriks.com\\\/matriks-doc-4\\\/#primaryimage\",\"url\":\"https:\\\/\\\/matriks.com\\\/wp-content\\\/uploads\\\/2023\\\/08\\\/Carlsberg-logo.png\",\"contentUrl\":\"https:\\\/\\\/matriks.com\\\/wp-content\\\/uploads\\\/2023\\\/08\\\/Carlsberg-logo.png\"},{\"@type\":\"BreadcrumbList\",\"@id\":\"https:\\\/\\\/matriks.com\\\/matriks-doc-4\\\/#breadcrumb\",\"itemListElement\":[{\"@type\":\"ListItem\",\"position\":1,\"name\":\"Hjem\",\"item\":\"https:\\\/\\\/matriks.com\\\/\"},{\"@type\":\"ListItem\",\"position\":2,\"name\":\"Matriks Doc 4\"}]},{\"@type\":\"WebSite\",\"@id\":\"https:\\\/\\\/matriks.com\\\/#website\",\"url\":\"https:\\\/\\\/matriks.com\\\/\",\"name\":\"Matriks\",\"description\":\"L\u00f8sningsorienteret Microsoft konsulenthus med fokus p\u00e5 forretningsforst\u00e5else\",\"publisher\":{\"@id\":\"https:\\\/\\\/matriks.com\\\/#organization\"},\"potentialAction\":[{\"@type\":\"SearchAction\",\"target\":{\"@type\":\"EntryPoint\",\"urlTemplate\":\"https:\\\/\\\/matriks.com\\\/?s={search_term_string}\"},\"query-input\":{\"@type\":\"PropertyValueSpecification\",\"valueRequired\":true,\"valueName\":\"search_term_string\"}}],\"inLanguage\":\"en-GB\"},{\"@type\":\"Organization\",\"@id\":\"https:\\\/\\\/matriks.com\\\/#organization\",\"name\":\"Matriks ApS\",\"url\":\"https:\\\/\\\/matriks.com\\\/\",\"logo\":{\"@type\":\"ImageObject\",\"inLanguage\":\"en-GB\",\"@id\":\"https:\\\/\\\/matriks.com\\\/#\\\/schema\\\/logo\\\/image\\\/\",\"url\":\"https:\\\/\\\/matriks.com\\\/wp-content\\\/uploads\\\/2024\\\/05\\\/logo.png\",\"contentUrl\":\"https:\\\/\\\/matriks.com\\\/wp-content\\\/uploads\\\/2024\\\/05\\\/logo.png\",\"width\":500,\"height\":500,\"caption\":\"Matriks ApS\"},\"image\":{\"@id\":\"https:\\\/\\\/matriks.com\\\/#\\\/schema\\\/logo\\\/image\\\/\"}}]}<\/script>\n<!-- \/ Yoast SEO plugin. -->","yoast_head_json":{"title":"Matriks Doc 4 - Matriks","robots":{"index":"index","follow":"follow","max-snippet":"max-snippet:-1","max-image-preview":"max-image-preview:large","max-video-preview":"max-video-preview:-1"},"canonical":"https:\/\/matriks.com\/en\/matriks-doc-4\/","og_locale":"en_GB","og_type":"article","og_title":"Matriks Doc 4 - Matriks","og_description":"\u00ab Tilbage til produkter Matriks Doc 4 Matriks Doc 4 er et popul\u00e6rt og effektivt &#8220;add on&#8221; til Microsoft Business-l\u00f8sninger. Det h\u00e5ndterer korrespondance genereret fra Dynamics NAV.\u00a0 Dokumentstyring Matriks Doc 4 Opret og gem dine dokumenter det sted, hvor de h\u00f8rer til. Brug Word\/Excel-skabeloner til at sikre, at alle relevante oplysninger altid er inkluderet i [&hellip;]","og_url":"https:\/\/matriks.com\/en\/matriks-doc-4\/","og_site_name":"Matriks","article_modified_time":"2024-05-02T20:01:56+00:00","og_image":[{"url":"https:\/\/matriks.com\/wp-content\/uploads\/2023\/08\/Carlsberg-logo.png","type":"","width":"","height":""}],"twitter_card":"summary_large_image","twitter_misc":{"Estimated reading time":"3 minutes"},"schema":{"@context":"https:\/\/schema.org","@graph":[{"@type":"WebPage","@id":"https:\/\/matriks.com\/matriks-doc-4\/","url":"https:\/\/matriks.com\/matriks-doc-4\/","name":"Matriks Doc 4 - Matriks","isPartOf":{"@id":"https:\/\/matriks.com\/#website"},"primaryImageOfPage":{"@id":"https:\/\/matriks.com\/matriks-doc-4\/#primaryimage"},"image":{"@id":"https:\/\/matriks.com\/matriks-doc-4\/#primaryimage"},"thumbnailUrl":"https:\/\/matriks.com\/wp-content\/uploads\/2023\/08\/Carlsberg-logo.png","datePublished":"2024-04-28T21:15:54+00:00","dateModified":"2024-05-02T20:01:56+00:00","breadcrumb":{"@id":"https:\/\/matriks.com\/matriks-doc-4\/#breadcrumb"},"inLanguage":"en-GB","potentialAction":[{"@type":"ReadAction","target":["https:\/\/matriks.com\/matriks-doc-4\/"]}]},{"@type":"ImageObject","inLanguage":"en-GB","@id":"https:\/\/matriks.com\/matriks-doc-4\/#primaryimage","url":"https:\/\/matriks.com\/wp-content\/uploads\/2023\/08\/Carlsberg-logo.png","contentUrl":"https:\/\/matriks.com\/wp-content\/uploads\/2023\/08\/Carlsberg-logo.png"},{"@type":"BreadcrumbList","@id":"https:\/\/matriks.com\/matriks-doc-4\/#breadcrumb","itemListElement":[{"@type":"ListItem","position":1,"name":"Hjem","item":"https:\/\/matriks.com\/"},{"@type":"ListItem","position":2,"name":"Matriks Doc 4"}]},{"@type":"WebSite","@id":"https:\/\/matriks.com\/#website","url":"https:\/\/matriks.com\/","name":"Matriks","description":"L\u00f8sningsorienteret Microsoft konsulenthus med fokus p\u00e5 forretningsforst\u00e5else","publisher":{"@id":"https:\/\/matriks.com\/#organization"},"potentialAction":[{"@type":"SearchAction","target":{"@type":"EntryPoint","urlTemplate":"https:\/\/matriks.com\/?s={search_term_string}"},"query-input":{"@type":"PropertyValueSpecification","valueRequired":true,"valueName":"search_term_string"}}],"inLanguage":"en-GB"},{"@type":"Organization","@id":"https:\/\/matriks.com\/#organization","name":"Matriks ApS","url":"https:\/\/matriks.com\/","logo":{"@type":"ImageObject","inLanguage":"en-GB","@id":"https:\/\/matriks.com\/#\/schema\/logo\/image\/","url":"https:\/\/matriks.com\/wp-content\/uploads\/2024\/05\/logo.png","contentUrl":"https:\/\/matriks.com\/wp-content\/uploads\/2024\/05\/logo.png","width":500,"height":500,"caption":"Matriks ApS"},"image":{"@id":"https:\/\/matriks.com\/#\/schema\/logo\/image\/"}}]}},"_links":{"self":[{"href":"https:\/\/matriks.com\/en\/wp-json\/wp\/v2\/pages\/7355","targetHints":{"allow":["GET"]}}],"collection":[{"href":"https:\/\/matriks.com\/en\/wp-json\/wp\/v2\/pages"}],"about":[{"href":"https:\/\/matriks.com\/en\/wp-json\/wp\/v2\/types\/page"}],"author":[{"embeddable":true,"href":"https:\/\/matriks.com\/en\/wp-json\/wp\/v2\/users\/1"}],"replies":[{"embeddable":true,"href":"https:\/\/matriks.com\/en\/wp-json\/wp\/v2\/comments?post=7355"}],"version-history":[{"count":10,"href":"https:\/\/matriks.com\/en\/wp-json\/wp\/v2\/pages\/7355\/revisions"}],"predecessor-version":[{"id":7796,"href":"https:\/\/matriks.com\/en\/wp-json\/wp\/v2\/pages\/7355\/revisions\/7796"}],"wp:attachment":[{"href":"https:\/\/matriks.com\/en\/wp-json\/wp\/v2\/media?parent=7355"}],"curies":[{"name":"wp","href":"https:\/\/api.w.org\/{rel}","templated":true}]}}