{"id":7967,"date":"2024-06-17T12:22:39","date_gmt":"2024-06-17T12:22:39","guid":{"rendered":"https:\/\/matriks.com\/?page_id=7967"},"modified":"2024-06-17T14:10:41","modified_gmt":"2024-06-17T14:10:41","slug":"partnere-fornav","status":"publish","type":"page","link":"https:\/\/matriks.com\/en\/partnere-fornav\/","title":{"rendered":"Partnere &#8211; ForNAV"},"content":{"rendered":"<div data-elementor-type=\"wp-page\" data-elementor-id=\"7967\" class=\"elementor elementor-7967\">\n\t\t\t\t<div class=\"elementor-element elementor-element-3ccfefb e-flex e-con-boxed e-con e-parent\" data-id=\"3ccfefb\" data-element_type=\"container\" data-e-type=\"container\">\n\t\t\t\t\t<div class=\"e-con-inner\">\n\t\t<div class=\"elementor-element elementor-element-12b8150 e-con-full e-flex e-con e-child\" data-id=\"12b8150\" data-element_type=\"container\" data-e-type=\"container\">\n\t\t\t\t<div class=\"elementor-element elementor-element-c2cab1e elementor-widget elementor-widget-text-editor\" data-id=\"c2cab1e\" data-element_type=\"widget\" data-e-type=\"widget\" data-widget_type=\"text-editor.default\">\n\t\t\t\t<div class=\"elementor-widget-container\">\n\t\t\t\t\t\t\t\t\t<p><a href=\"\/en\/produkter\/\">Back to Products<\/a><\/p>\t\t\t\t\t\t\t\t<\/div>\n\t\t\t\t<\/div>\n\t\t\t\t<div class=\"elementor-element elementor-element-959fbce elementor-invisible elementor-widget elementor-widget-einar_core_section_title\" data-id=\"959fbce\" data-element_type=\"widget\" data-e-type=\"widget\" data-settings=\"{&quot;_animation&quot;:&quot;fadeIn&quot;}\" data-widget_type=\"einar_core_section_title.default\">\n\t\t\t\t<div class=\"elementor-widget-container\">\n\t\t\t\t\t<div class=\"qodef-shortcode qodef-m  qodef-section-title qodef-alignment--left\">\n\t\t<h1 class=\"qodef-m-title\" >\n\t\t\t\t\tForNAV\t\t\t<\/h1>\n\t\t<\/div>\n\t\t\t\t<\/div>\n\t\t\t\t<\/div>\n\t\t\t\t<div class=\"elementor-element elementor-element-5cb67f0 elementor-invisible elementor-widget elementor-widget-text-editor\" data-id=\"5cb67f0\" data-element_type=\"widget\" data-e-type=\"widget\" data-settings=\"{&quot;_animation&quot;:&quot;fadeIn&quot;}\" data-widget_type=\"text-editor.default\">\n\t\t\t\t<div class=\"elementor-widget-container\">\n\t\t\t\t\t\t\t\t\t<p>Simplifying Business Central Reports and Printing with ForNAV<\/p>\t\t\t\t\t\t\t\t<\/div>\n\t\t\t\t<\/div>\n\t\t\t\t<div class=\"elementor-element elementor-element-611b8b6 elementor-widget elementor-widget-text-editor\" data-id=\"611b8b6\" data-element_type=\"widget\" data-e-type=\"widget\" data-widget_type=\"text-editor.default\">\n\t\t\t\t<div class=\"elementor-widget-container\">\n\t\t\t\t\t\t\t\t\t<p>We partner with ForNAV to provide our customers with a seamless solution for managing reports and printing within Microsoft Dynamics 365 Business Central (BC). ForNAV delivers ready-to-use, customizable reports that require no coding, simplifying the printing process directly from BC\u2014even without a user interface. Additionally, it allows easy access to files and programs from the BC cloud.<\/p><p>ForNAV\u2019s tools are designed for ease of use and implementation, requiring minimal training. It is an affordable solution with low setup and maintenance costs, and it is compatible with all future BC versions, continually improving with each update. Trusted by numerous satisfied customers, ForNAV is the preferred choice for BC reporting and printing.<\/p><p>\u00a0<\/p><p><strong>Key Features<\/strong><\/p><ul><li>ForNAV Report Pack: Available on AppSource, this pack offers a variety of optimized standard reports such as sales and purchase documents, financial reports, statistics, and a US check report. It significantly reduces implementation time and allows for quick customization, even for personalized reports.<br \/><br \/><\/li><li>ForNAV Direct Print: This feature enables direct printing from the BC web client to any network printer that supports ForNAV, RDLC, or Word reports. It works without user interaction and enables background printing for NAS, API, scanners, and webshops.<br \/><br \/><\/li><li>ForNAV Designer: Easily create and modify BC reports with support for barcodes, custom fonts, check reports, and direct print functionality.<br \/><br \/><\/li><li>ForNAV Converter: Simplifies the conversion of reports between different NAV\/BC versions, ensuring smooth transitions and compatibility.<br \/><br \/><\/li><li>ForNAV File Service: Provides secure access to local files stored on the C:\\ drive within Business Central Cloud, eliminating the need for manual uploads.<\/li><\/ul><p>ForNAV is designed to make your reporting and printing processes in Business Central more efficient and user-friendly. Discover more about ForNAV's solutions and capabilities at\u00a0<a href=\"https:\/\/www.fornav.com\" target=\"_blank\" rel=\"noopener\"><u>www.fornav.com<\/u><\/a>.<\/p>\t\t\t\t\t\t\t\t<\/div>\n\t\t\t\t<\/div>\n\t\t\t\t<\/div>\n\t\t\t\t\t<\/div>\n\t\t\t\t<\/div>\n\t\t<div class=\"elementor-element elementor-element-d132208 e-con-full e-flex e-con e-parent\" data-id=\"d132208\" data-element_type=\"container\" data-e-type=\"container\">\n\t\t<div class=\"elementor-element elementor-element-807daa5 e-con-full e-flex e-con e-child\" data-id=\"807daa5\" data-element_type=\"container\" data-e-type=\"container\">\n\t\t<div class=\"elementor-element elementor-element-ec545d7 e-con-full e-flex e-con e-child\" data-id=\"ec545d7\" data-element_type=\"container\" data-e-type=\"container\">\n\t\t<div class=\"elementor-element elementor-element-65e7b81 e-con-full e-flex e-con e-child\" data-id=\"65e7b81\" data-element_type=\"container\" data-e-type=\"container\">\n\t\t\t\t<div class=\"elementor-element elementor-element-e2a93ad elementor-invisible elementor-widget elementor-widget-heading\" data-id=\"e2a93ad\" data-element_type=\"widget\" data-e-type=\"widget\" data-settings=\"{&quot;_animation&quot;:&quot;fadeInUp&quot;}\" data-widget_type=\"heading.default\">\n\t\t\t\t<div class=\"elementor-widget-container\">\n\t\t\t\t\t<p class=\"elementor-heading-title elementor-size-default\">Our customers<\/p>\t\t\t\t<\/div>\n\t\t\t\t<\/div>\n\t\t\t\t<div class=\"elementor-element elementor-element-fed452f elementor-widget__width-initial elementor-widget-mobile__width-inherit elementor-invisible elementor-widget elementor-widget-einar_core_section_title\" data-id=\"fed452f\" data-element_type=\"widget\" data-e-type=\"widget\" data-settings=\"{&quot;_animation&quot;:&quot;fadeInUp&quot;,&quot;_animation_delay&quot;:300}\" data-widget_type=\"einar_core_section_title.default\">\n\t\t\t\t<div class=\"elementor-widget-container\">\n\t\t\t\t\t<div class=\"qodef-shortcode qodef-m  qodef-section-title qodef-alignment--left\">\n\t\t<h4 class=\"qodef-m-title\" >\n\t\t\t\t\tWe work with some of Scandinavia's strongest companies. Should we also work with you?\t\t\t<\/h4>\n\t\t<\/div>\n\t\t\t\t<\/div>\n\t\t\t\t<\/div>\n\t\t\t\t<div class=\"elementor-element elementor-element-cabf6da elementor-invisible elementor-widget elementor-widget-button\" data-id=\"cabf6da\" data-element_type=\"widget\" data-e-type=\"widget\" data-settings=\"{&quot;_animation&quot;:&quot;fadeInUp&quot;,&quot;_animation_delay&quot;:600}\" data-widget_type=\"button.default\">\n\t\t\t\t<div class=\"elementor-widget-container\">\n\t\t\t\t\t\t\t\t\t<div class=\"elementor-button-wrapper\">\n\t\t\t\t\t<a class=\"elementor-button elementor-button-link elementor-size-sm\" href=\"\/en\/kontakt\/\">\n\t\t\t\t\t\t<span class=\"elementor-button-content-wrapper\">\n\t\t\t\t\t\t\t\t\t<span class=\"elementor-button-text\">Contact us today<\/span>\n\t\t\t\t\t<\/span>\n\t\t\t\t\t<\/a>\n\t\t\t\t<\/div>\n\t\t\t\t\t\t\t\t<\/div>\n\t\t\t\t<\/div>\n\t\t\t\t<\/div>\n\t\t<div class=\"elementor-element elementor-element-639786a e-con-full e-flex e-con e-child\" data-id=\"639786a\" data-element_type=\"container\" data-e-type=\"container\">\n\t\t\t\t<div class=\"elementor-element elementor-element-e3a1c49 elementor-invisible elementor-widget elementor-widget-einar_core_clients_list\" data-id=\"e3a1c49\" data-element_type=\"widget\" data-e-type=\"widget\" data-settings=\"{&quot;_animation&quot;:&quot;fadeIn&quot;,&quot;_animation_delay&quot;:600}\" data-widget_type=\"einar_core_clients_list.default\">\n\t\t\t\t<div class=\"elementor-widget-container\">\n\t\t\t\t\t<div class=\"qodef-shortcode qodef-m  qodef-clients-list qodef-clients-list-enable-retina-scale qodef-grid qodef-layout--columns  qodef-gutter--huge qodef-vertical-gutter--medium qodef-col-num--4 qodef-item-layout--image-only qodef-responsive--custom qodef-col-num--1512--4 qodef-col-num--1368--4 qodef-col-num--1200--3 qodef-col-num--1024--3 qodef-col-num--880--3 qodef-col-num--680--2 qodef-hover-animation--fade\" >\n\t<div class=\"qodef-grid-inner\">\n\t\t<span class=\"qodef-e qodef-grid-item\">\n\t<span class=\"qodef-e-inner\">\n\t\t\t<span class=\"qodef-e-image\">\n\t\t\t\t\t<a itemprop=\"url\" href=\"#\" target=\"_blank\">\n\t\t\t\t\t\t\t\t\t\t\t<span class=\"qodef-e-logo\">\n\t\t\t\t\t\t\t\t\t\t\t<img fetchpriority=\"high\" decoding=\"async\" itemprop=\"image\" src=\"https:\/\/matriks.com\/wp-content\/uploads\/2023\/08\/Carlsberg-logo.png\"\n\t\t\t\t\t\t\t width=\"1920\"\n\t\t\t\t\t\t\t height=\"1080\"\n\t\t\t\t\t\t\t alt=\"\"\/>\n\t\t\t\t\t\t\t\t\t<\/span>\n\t\t\t\t\t\t\t\t\t\t\t\t\t\t\t<\/a>\n\t\t\t<\/span>\n\t<\/span>\n<\/span>\n<span class=\"qodef-e qodef-grid-item\">\n\t<span class=\"qodef-e-inner\">\n\t\t\t<span class=\"qodef-e-image\">\n\t\t\t\t\t<a itemprop=\"url\" href=\"#\" target=\"_blank\">\n\t\t\t\t\t\t\t\t\t\t\t<span class=\"qodef-e-logo\">\n\t\t\t\t\t\t\t\t\t\t\t<img decoding=\"async\" itemprop=\"image\" src=\"https:\/\/matriks.com\/wp-content\/uploads\/2023\/08\/nykredit_leasing_logo.webp\"\n\t\t\t\t\t\t\t width=\"337\"\n\t\t\t\t\t\t\t height=\"74\"\n\t\t\t\t\t\t\t alt=\"\"\/>\n\t\t\t\t\t\t\t\t\t<\/span>\n\t\t\t\t\t\t\t\t\t\t\t\t\t\t\t<\/a>\n\t\t\t<\/span>\n\t<\/span>\n<\/span>\n<span class=\"qodef-e qodef-grid-item\">\n\t<span class=\"qodef-e-inner\">\n\t\t\t<span class=\"qodef-e-image\">\n\t\t\t\t\t<a itemprop=\"url\" href=\"#\" target=\"_blank\">\n\t\t\t\t\t\t\t\t\t\t\t<span class=\"qodef-e-logo\">\n\t\t\t\t\t\t\t\t\t\t\t<img decoding=\"async\" itemprop=\"image\" src=\"https:\/\/matriks.com\/wp-content\/uploads\/2023\/08\/logo.jpg\"\n\t\t\t\t\t\t\t width=\"125\"\n\t\t\t\t\t\t\t height=\"125\"\n\t\t\t\t\t\t\t alt=\"\"\/>\n\t\t\t\t\t\t\t\t\t<\/span>\n\t\t\t\t\t\t\t\t\t\t\t\t\t\t\t<\/a>\n\t\t\t<\/span>\n\t<\/span>\n<\/span>\n<span class=\"qodef-e qodef-grid-item\">\n\t<span class=\"qodef-e-inner\">\n\t\t\t<span class=\"qodef-e-image\">\n\t\t\t\t\t<a itemprop=\"url\" href=\"#\" target=\"_blank\">\n\t\t\t\t\t\t\t\t\t\t\t<span class=\"qodef-e-logo\">\n\t\t\t\t\t\t\t\t\t\t\t<img loading=\"lazy\" decoding=\"async\" itemprop=\"image\" src=\"https:\/\/matriks.com\/wp-content\/uploads\/2023\/08\/Sennheiser_logo_2019.svg.png\"\n\t\t\t\t\t\t\t width=\"512\"\n\t\t\t\t\t\t\t height=\"69\"\n\t\t\t\t\t\t\t alt=\"\"\/>\n\t\t\t\t\t\t\t\t\t<\/span>\n\t\t\t\t\t\t\t\t\t\t\t\t\t\t\t<\/a>\n\t\t\t<\/span>\n\t<\/span>\n<\/span>\n<span class=\"qodef-e qodef-grid-item\">\n\t<span class=\"qodef-e-inner\">\n\t\t\t<span class=\"qodef-e-image\">\n\t\t\t\t\t<a itemprop=\"url\" href=\"#\" target=\"_blank\">\n\t\t\t\t\t\t\t\t\t\t\t<span class=\"qodef-e-logo\">\n\t\t\t\t\t\t\t\t\t\t\t<img loading=\"lazy\" decoding=\"async\" itemprop=\"image\" src=\"https:\/\/matriks.com\/wp-content\/uploads\/2023\/08\/Mercedes-Benz_Logo_2010.svg.png\"\n\t\t\t\t\t\t\t width=\"1280\"\n\t\t\t\t\t\t\t height=\"324\"\n\t\t\t\t\t\t\t alt=\"\"\/>\n\t\t\t\t\t\t\t\t\t<\/span>\n\t\t\t\t\t\t\t\t\t\t\t\t\t\t\t<\/a>\n\t\t\t<\/span>\n\t<\/span>\n<\/span>\n<span class=\"qodef-e qodef-grid-item\">\n\t<span class=\"qodef-e-inner\">\n\t\t\t<span class=\"qodef-e-image\">\n\t\t\t\t\t<a itemprop=\"url\" href=\"#\" target=\"_blank\">\n\t\t\t\t\t\t\t\t\t\t\t<span class=\"qodef-e-logo\">\n\t\t\t\t\t\t\t\t\t\t\t<img loading=\"lazy\" decoding=\"async\" itemprop=\"image\" src=\"https:\/\/matriks.com\/wp-content\/uploads\/2023\/08\/sif-jakobs-logo-1.png\"\n\t\t\t\t\t\t\t width=\"296\"\n\t\t\t\t\t\t\t height=\"210\"\n\t\t\t\t\t\t\t alt=\"\"\/>\n\t\t\t\t\t\t\t\t\t<\/span>\n\t\t\t\t\t\t\t\t\t\t\t\t\t\t\t<\/a>\n\t\t\t<\/span>\n\t<\/span>\n<\/span>\n<span class=\"qodef-e qodef-grid-item\">\n\t<span class=\"qodef-e-inner\">\n\t\t\t<span class=\"qodef-e-image\">\n\t\t\t\t\t<a itemprop=\"url\" href=\"#\" target=\"_blank\">\n\t\t\t\t\t\t\t\t\t\t\t<span class=\"qodef-e-logo\">\n\t\t\t\t\t\t\t\t\t\t\t<img loading=\"lazy\" decoding=\"async\" itemprop=\"image\" src=\"https:\/\/matriks.com\/wp-content\/uploads\/2023\/08\/dpa_logo_tagline_blue.png\"\n\t\t\t\t\t\t\t width=\"1227\"\n\t\t\t\t\t\t\t height=\"262\"\n\t\t\t\t\t\t\t alt=\"\"\/>\n\t\t\t\t\t\t\t\t\t<\/span>\n\t\t\t\t\t\t\t\t\t\t\t\t\t\t\t<\/a>\n\t\t\t<\/span>\n\t<\/span>\n<\/span>\n<span class=\"qodef-e qodef-grid-item\">\n\t<span class=\"qodef-e-inner\">\n\t\t\t<span class=\"qodef-e-image\">\n\t\t\t\t\t<a itemprop=\"url\" href=\"#\" target=\"_blank\">\n\t\t\t\t\t\t\t\t\t\t\t<span class=\"qodef-e-logo\">\n\t\t\t\t\t\t\t\t\t\t\t<img loading=\"lazy\" decoding=\"async\" itemprop=\"image\" src=\"https:\/\/matriks.com\/wp-content\/uploads\/2023\/08\/vkr_holding_as_logo.jpeg\"\n\t\t\t\t\t\t\t width=\"100\"\n\t\t\t\t\t\t\t height=\"100\"\n\t\t\t\t\t\t\t alt=\"\"\/>\n\t\t\t\t\t\t\t\t\t<\/span>\n\t\t\t\t\t\t\t\t\t\t\t\t\t\t\t<\/a>\n\t\t\t<\/span>\n\t<\/span>\n<\/span>\n\t<\/div>\n<\/div>\n\t\t\t\t<\/div>\n\t\t\t\t<\/div>\n\t\t\t\t<\/div>\n\t\t\t\t<\/div>\n\t\t\t\t<\/div>\n\t\t\t\t<\/div>\n\t\t\t\t<\/div>","protected":false},"excerpt":{"rendered":"<p>\u00ab Tilbage til produkter ForNAV Forenkling af Business Central-rapporter og -udskrivning med ForNAV Vi samarbejder med ForNAV for at give vores kunder en problemfri l\u00f8sning til styring af rapporter og udskrivning i Microsoft Dynamics 365 Business Central (BC). ForNAV leverer brugsklare, tilpassede rapporter, der ikke kr\u00e6ver kodning, hvilket forenkler udskrivningsprocessen direkte fra BC &#8211; selv [&hellip;]<\/p>","protected":false},"author":1,"featured_media":0,"parent":0,"menu_order":0,"comment_status":"closed","ping_status":"closed","template":"page-full-width.php","meta":{"footnotes":""},"class_list":["post-7967","page","type-page","status-publish","hentry"],"yoast_head":"<!-- This site is optimized with the Yoast SEO plugin v27.6 - https:\/\/yoast.com\/product\/yoast-seo-wordpress\/ -->\n<title>Partnere - ForNAV - Matriks<\/title>\n<meta name=\"robots\" content=\"index, follow, max-snippet:-1, max-image-preview:large, max-video-preview:-1\" \/>\n<link rel=\"canonical\" href=\"https:\/\/matriks.com\/en\/partnere-fornav\/\" \/>\n<meta property=\"og:locale\" content=\"en_GB\" \/>\n<meta property=\"og:type\" content=\"article\" \/>\n<meta property=\"og:title\" content=\"Partnere - ForNAV - Matriks\" \/>\n<meta property=\"og:description\" content=\"\u00ab Tilbage til produkter ForNAV Forenkling af Business Central-rapporter og -udskrivning med ForNAV Vi samarbejder med ForNAV for at give vores kunder en problemfri l\u00f8sning til styring af rapporter og udskrivning i Microsoft Dynamics 365 Business Central (BC). ForNAV leverer brugsklare, tilpassede rapporter, der ikke kr\u00e6ver kodning, hvilket forenkler udskrivningsprocessen direkte fra BC &#8211; selv [&hellip;]\" \/>\n<meta property=\"og:url\" content=\"https:\/\/matriks.com\/en\/partnere-fornav\/\" \/>\n<meta property=\"og:site_name\" content=\"Matriks\" \/>\n<meta property=\"article:modified_time\" content=\"2024-06-17T14:10:41+00:00\" \/>\n<meta property=\"og:image\" content=\"https:\/\/matriks.com\/wp-content\/uploads\/2023\/08\/Carlsberg-logo.png\" \/>\n<meta name=\"twitter:card\" content=\"summary_large_image\" \/>\n<meta name=\"twitter:label1\" content=\"Estimated reading time\" \/>\n\t<meta name=\"twitter:data1\" content=\"4 minutes\" \/>\n<script type=\"application\/ld+json\" class=\"yoast-schema-graph\">{\"@context\":\"https:\\\/\\\/schema.org\",\"@graph\":[{\"@type\":\"WebPage\",\"@id\":\"https:\\\/\\\/matriks.com\\\/partnere-fornav\\\/\",\"url\":\"https:\\\/\\\/matriks.com\\\/partnere-fornav\\\/\",\"name\":\"Partnere - ForNAV - Matriks\",\"isPartOf\":{\"@id\":\"https:\\\/\\\/matriks.com\\\/#website\"},\"primaryImageOfPage\":{\"@id\":\"https:\\\/\\\/matriks.com\\\/partnere-fornav\\\/#primaryimage\"},\"image\":{\"@id\":\"https:\\\/\\\/matriks.com\\\/partnere-fornav\\\/#primaryimage\"},\"thumbnailUrl\":\"https:\\\/\\\/matriks.com\\\/wp-content\\\/uploads\\\/2023\\\/08\\\/Carlsberg-logo.png\",\"datePublished\":\"2024-06-17T12:22:39+00:00\",\"dateModified\":\"2024-06-17T14:10:41+00:00\",\"breadcrumb\":{\"@id\":\"https:\\\/\\\/matriks.com\\\/partnere-fornav\\\/#breadcrumb\"},\"inLanguage\":\"en-GB\",\"potentialAction\":[{\"@type\":\"ReadAction\",\"target\":[\"https:\\\/\\\/matriks.com\\\/partnere-fornav\\\/\"]}]},{\"@type\":\"ImageObject\",\"inLanguage\":\"en-GB\",\"@id\":\"https:\\\/\\\/matriks.com\\\/partnere-fornav\\\/#primaryimage\",\"url\":\"https:\\\/\\\/matriks.com\\\/wp-content\\\/uploads\\\/2023\\\/08\\\/Carlsberg-logo.png\",\"contentUrl\":\"https:\\\/\\\/matriks.com\\\/wp-content\\\/uploads\\\/2023\\\/08\\\/Carlsberg-logo.png\"},{\"@type\":\"BreadcrumbList\",\"@id\":\"https:\\\/\\\/matriks.com\\\/partnere-fornav\\\/#breadcrumb\",\"itemListElement\":[{\"@type\":\"ListItem\",\"position\":1,\"name\":\"Hjem\",\"item\":\"https:\\\/\\\/matriks.com\\\/\"},{\"@type\":\"ListItem\",\"position\":2,\"name\":\"Partnere &#8211; ForNAV\"}]},{\"@type\":\"WebSite\",\"@id\":\"https:\\\/\\\/matriks.com\\\/#website\",\"url\":\"https:\\\/\\\/matriks.com\\\/\",\"name\":\"Matriks\",\"description\":\"L\u00f8sningsorienteret Microsoft konsulenthus med fokus p\u00e5 forretningsforst\u00e5else\",\"publisher\":{\"@id\":\"https:\\\/\\\/matriks.com\\\/#organization\"},\"potentialAction\":[{\"@type\":\"SearchAction\",\"target\":{\"@type\":\"EntryPoint\",\"urlTemplate\":\"https:\\\/\\\/matriks.com\\\/?s={search_term_string}\"},\"query-input\":{\"@type\":\"PropertyValueSpecification\",\"valueRequired\":true,\"valueName\":\"search_term_string\"}}],\"inLanguage\":\"en-GB\"},{\"@type\":\"Organization\",\"@id\":\"https:\\\/\\\/matriks.com\\\/#organization\",\"name\":\"Matriks ApS\",\"url\":\"https:\\\/\\\/matriks.com\\\/\",\"logo\":{\"@type\":\"ImageObject\",\"inLanguage\":\"en-GB\",\"@id\":\"https:\\\/\\\/matriks.com\\\/#\\\/schema\\\/logo\\\/image\\\/\",\"url\":\"https:\\\/\\\/matriks.com\\\/wp-content\\\/uploads\\\/2024\\\/05\\\/logo.png\",\"contentUrl\":\"https:\\\/\\\/matriks.com\\\/wp-content\\\/uploads\\\/2024\\\/05\\\/logo.png\",\"width\":500,\"height\":500,\"caption\":\"Matriks ApS\"},\"image\":{\"@id\":\"https:\\\/\\\/matriks.com\\\/#\\\/schema\\\/logo\\\/image\\\/\"}}]}<\/script>\n<!-- \/ Yoast SEO plugin. -->","yoast_head_json":{"title":"Partnere - ForNAV - Matriks","robots":{"index":"index","follow":"follow","max-snippet":"max-snippet:-1","max-image-preview":"max-image-preview:large","max-video-preview":"max-video-preview:-1"},"canonical":"https:\/\/matriks.com\/en\/partnere-fornav\/","og_locale":"en_GB","og_type":"article","og_title":"Partnere - ForNAV - Matriks","og_description":"\u00ab Tilbage til produkter ForNAV Forenkling af Business Central-rapporter og -udskrivning med ForNAV Vi samarbejder med ForNAV for at give vores kunder en problemfri l\u00f8sning til styring af rapporter og udskrivning i Microsoft Dynamics 365 Business Central (BC). ForNAV leverer brugsklare, tilpassede rapporter, der ikke kr\u00e6ver kodning, hvilket forenkler udskrivningsprocessen direkte fra BC &#8211; selv [&hellip;]","og_url":"https:\/\/matriks.com\/en\/partnere-fornav\/","og_site_name":"Matriks","article_modified_time":"2024-06-17T14:10:41+00:00","og_image":[{"url":"https:\/\/matriks.com\/wp-content\/uploads\/2023\/08\/Carlsberg-logo.png","type":"","width":"","height":""}],"twitter_card":"summary_large_image","twitter_misc":{"Estimated reading time":"4 minutes"},"schema":{"@context":"https:\/\/schema.org","@graph":[{"@type":"WebPage","@id":"https:\/\/matriks.com\/partnere-fornav\/","url":"https:\/\/matriks.com\/partnere-fornav\/","name":"Partnere - ForNAV - Matriks","isPartOf":{"@id":"https:\/\/matriks.com\/#website"},"primaryImageOfPage":{"@id":"https:\/\/matriks.com\/partnere-fornav\/#primaryimage"},"image":{"@id":"https:\/\/matriks.com\/partnere-fornav\/#primaryimage"},"thumbnailUrl":"https:\/\/matriks.com\/wp-content\/uploads\/2023\/08\/Carlsberg-logo.png","datePublished":"2024-06-17T12:22:39+00:00","dateModified":"2024-06-17T14:10:41+00:00","breadcrumb":{"@id":"https:\/\/matriks.com\/partnere-fornav\/#breadcrumb"},"inLanguage":"en-GB","potentialAction":[{"@type":"ReadAction","target":["https:\/\/matriks.com\/partnere-fornav\/"]}]},{"@type":"ImageObject","inLanguage":"en-GB","@id":"https:\/\/matriks.com\/partnere-fornav\/#primaryimage","url":"https:\/\/matriks.com\/wp-content\/uploads\/2023\/08\/Carlsberg-logo.png","contentUrl":"https:\/\/matriks.com\/wp-content\/uploads\/2023\/08\/Carlsberg-logo.png"},{"@type":"BreadcrumbList","@id":"https:\/\/matriks.com\/partnere-fornav\/#breadcrumb","itemListElement":[{"@type":"ListItem","position":1,"name":"Hjem","item":"https:\/\/matriks.com\/"},{"@type":"ListItem","position":2,"name":"Partnere &#8211; ForNAV"}]},{"@type":"WebSite","@id":"https:\/\/matriks.com\/#website","url":"https:\/\/matriks.com\/","name":"Matriks","description":"L\u00f8sningsorienteret Microsoft konsulenthus med fokus p\u00e5 forretningsforst\u00e5else","publisher":{"@id":"https:\/\/matriks.com\/#organization"},"potentialAction":[{"@type":"SearchAction","target":{"@type":"EntryPoint","urlTemplate":"https:\/\/matriks.com\/?s={search_term_string}"},"query-input":{"@type":"PropertyValueSpecification","valueRequired":true,"valueName":"search_term_string"}}],"inLanguage":"en-GB"},{"@type":"Organization","@id":"https:\/\/matriks.com\/#organization","name":"Matriks ApS","url":"https:\/\/matriks.com\/","logo":{"@type":"ImageObject","inLanguage":"en-GB","@id":"https:\/\/matriks.com\/#\/schema\/logo\/image\/","url":"https:\/\/matriks.com\/wp-content\/uploads\/2024\/05\/logo.png","contentUrl":"https:\/\/matriks.com\/wp-content\/uploads\/2024\/05\/logo.png","width":500,"height":500,"caption":"Matriks ApS"},"image":{"@id":"https:\/\/matriks.com\/#\/schema\/logo\/image\/"}}]}},"_links":{"self":[{"href":"https:\/\/matriks.com\/en\/wp-json\/wp\/v2\/pages\/7967","targetHints":{"allow":["GET"]}}],"collection":[{"href":"https:\/\/matriks.com\/en\/wp-json\/wp\/v2\/pages"}],"about":[{"href":"https:\/\/matriks.com\/en\/wp-json\/wp\/v2\/types\/page"}],"author":[{"embeddable":true,"href":"https:\/\/matriks.com\/en\/wp-json\/wp\/v2\/users\/1"}],"replies":[{"embeddable":true,"href":"https:\/\/matriks.com\/en\/wp-json\/wp\/v2\/comments?post=7967"}],"version-history":[{"count":27,"href":"https:\/\/matriks.com\/en\/wp-json\/wp\/v2\/pages\/7967\/revisions"}],"predecessor-version":[{"id":7997,"href":"https:\/\/matriks.com\/en\/wp-json\/wp\/v2\/pages\/7967\/revisions\/7997"}],"wp:attachment":[{"href":"https:\/\/matriks.com\/en\/wp-json\/wp\/v2\/media?parent=7967"}],"curies":[{"name":"wp","href":"https:\/\/api.w.org\/{rel}","templated":true}]}}